{"id":45,"date":"2009-12-16T18:54:15","date_gmt":"2009-12-16T18:54:15","guid":{"rendered":"http:\/\/blog.hotze.net\/?page_id=45"},"modified":"2024-05-10T23:20:36","modified_gmt":"2024-05-10T21:20:36","slug":"willkommen-bei-tzetze","status":"publish","type":"page","link":"https:\/\/blog.hotze.net\/?page_id=45","title":{"rendered":"tzetze? Was ist das denn?"},"content":{"rendered":"<p>Warum hei\u00dft dieses Blog &#8222;tzetze&#8220;? Wie die Tse-Tse-Fliege oder wie das schnalzende &#8222;ts, ts&#8220;, das der Italiener mit der Zunge erzeugt, wenn er mit milder Fassungslosigkeit \u00fcber unseren Fauxpas hinwegsieht?<\/p>\n<p>Nun, &#8222;-tze&#8220; ist mein Autorenk\u00fcrzel im <em>Real Life<\/em>. Ich setze es unter meine Artikel, wenn der volle Name dort nicht vorgesehen ist. Auch interne Notizen und E-Mails unterschreibe ich mit diesem K\u00fcrzel. Und das seit 1993.<img decoding=\"async\" title=\"Weiterlesen...\" src=\"https:\/\/blog.hotze.net\/wp-includes\/js\/tinymce\/plugins\/wordpress\/img\/trans.gif\" alt=\"\" \/>Denn 1993, da wurde ich Redakteur bei der <a href=\"http:\/\/www.bauwelt.de\">Bauwelt<\/a>. Ich hatte damals zwar durchaus schon einige Jahre geschrieben, jedoch hatte es nie eine Notwendigkeit gegeben, sich ein Autorenk\u00fcrzel auszusuchen. Das musste dann auf einmal ziemlich schnell, genauer: binnen einer Woche, gefunden werden. Ich begann unter Einbeziehung von Freunden und Familie, mir ein K\u00fcrzel auszudenken. Heute w\u00fcrde man sagen: Da habe ich richtig ein Projekt aufgesetzt.<\/p>\n<p>Die meisten Leute verwenden einfach ihre Initialen als Autorenkennung. Das verbot sich in meinem Falle allerdings von selbst. Ich wollte jedenfalls nicht &#8222;BH&#8220; unter meinen Texten stehen haben. Auch abgeleitete Buchstabenkombinationen wie &#8222;BeHo&#8220; oder &#8222;bho&#8220; gefielen mir nicht. Insgeheim favorisierte ich eine Weile das freche &#8222;bene&#8220;, was auf lateinisch oder italienisch ja das Adverb &#8222;gut&#8220; ist. Ein <span style=\"text-decoration: line-through;\">charmanter<\/span> provokanter Gedanke, die eigenen Artikel als &#8222;gut&#8220; zu kennzeichnen. Letztlich verwarf ich aber auch dieses, denn ich fand es etwas zu studentisch, sein Autorenk\u00fcrzel allein aus dem Vornamen abzuleiten.<\/p>\n<p>So landete ich schlie\u00dflich bei &#8222;-tze&#8220;, was f\u00fcr die letzten drei Buchstaben meines Nachnamens steht. Der kleine Strich davor kennzeichnet die Auslassung der anderen Buchstaben. Fertig ist das Autorenk\u00fcrzel. Ich habe die Entscheidung f\u00fcr &#8222;-tze&#8220; \u00fcbrigens nie bereut.<\/p>\n<p>Da bei Blog-Namen nur alphanumerische Zeichen erlaubt sind, musste der kleine Strich hier wegfallen. Daf\u00fcr habe ich das &#8222;tze&#8220; aus Gr\u00fcnden der k\u00fcnstlerischen Freiheit verdoppelt \u2013 fertig ist das &#8222;tzetze&#8220;-Blog.<\/p>\n<p>Willkommen also!<\/p>\n","protected":false},"excerpt":{"rendered":"<p>Warum hei\u00dft dieses Blog &#8222;tzetze&#8220;? Wie die Tse-Tse-Fliege oder wie das schnalzende &#8222;ts, ts&#8220;, das der Italiener mit der Zunge erzeugt, wenn er mit milder Fassungslosigkeit \u00fcber unseren Fauxpas hinwegsieht? Nun, &#8222;-tze&#8220; ist mein Autorenk\u00fcrzel im Real Life. Ich setze es unter meine Artikel, wenn der volle Name dort nicht vorgesehen ist. Auch interne Notizen [&hellip;]<\/p>\n","protected":false},"author":1,"featured_media":0,"parent":0,"menu_order":0,"comment_status":"open","ping_status":"open","template":"","meta":{"footnotes":""},"class_list":["post-45","page","type-page","status-publish","hentry"],"_links":{"self":[{"href":"https:\/\/blog.hotze.net\/index.php?rest_route=\/wp\/v2\/pages\/45","targetHints":{"allow":["GET"]}}],"collection":[{"href":"https:\/\/blog.hotze.net\/index.php?rest_route=\/wp\/v2\/pages"}],"about":[{"href":"https:\/\/blog.hotze.net\/index.php?rest_route=\/wp\/v2\/types\/page"}],"author":[{"embeddable":true,"href":"https:\/\/blog.hotze.net\/index.php?rest_route=\/wp\/v2\/users\/1"}],"replies":[{"embeddable":true,"href":"https:\/\/blog.hotze.net\/index.php?rest_route=%2Fwp%2Fv2%2Fcomments&post=45"}],"version-history":[{"count":7,"href":"https:\/\/blog.hotze.net\/index.php?rest_route=\/wp\/v2\/pages\/45\/revisions"}],"predecessor-version":[{"id":6506,"href":"https:\/\/blog.hotze.net\/index.php?rest_route=\/wp\/v2\/pages\/45\/revisions\/6506"}],"wp:attachment":[{"href":"https:\/\/blog.hotze.net\/index.php?rest_route=%2Fwp%2Fv2%2Fmedia&parent=45"}],"curies":[{"name":"wp","href":"https:\/\/api.w.org\/{rel}","templated":true}]}}